{"id":18,"date":"2013-05-29T16:39:16","date_gmt":"2013-05-29T20:39:16","guid":{"rendered":"https:\/\/decaire.ca\/eve\/blog\/?page_id=18"},"modified":"2013-12-24T11:27:42","modified_gmt":"2013-12-24T16:27:42","slug":"about","status":"publish","type":"page","link":"https:\/\/decaire.ca\/eve\/blog\/about\/","title":{"rendered":"About"},"content":{"rendered":"<p>My name is Eve. I like Pok\u00e9mon, video games, and the computer. I have two pet rats, a stuffed Purrloin, and a menagerie of Pok\u00e9mon figures. I actually don&#8217;t have too many, but that&#8217;ll change when I make a Pok\u00e9mon fan&#8217;s sacred pilgrimage to the Osaka Pok\u00e9mon Center. My Spirit Pok\u00e9mon is Mew (I kinda use the move Transform on female anime characters after watching. Bulma (Dragon Ball\/Z\/GT), Misty&#8230; I also have three personalities. Random, serious, and loner.) \u00a0and my horoscope Pok\u00e9mon are Aipom and Scolipede. This is a blog about pretty much stuff that every Pok\u00e9mon fan should do or have done. So, technically, this is a blog about Pok\u00e9mon. You can send me images and videos, and I&#8217;ll add them! So, come and look!<\/p>\n","protected":false},"excerpt":{"rendered":"<p>My name is Eve. I like Pok\u00e9mon, video games, and the computer. I have two pet rats, a stuffed Purrloin, and a menagerie of Pok\u00e9mon figures. I actually don&#8217;t have too many, but that&#8217;ll change when I make a Pok\u00e9mon fan&#8217;s sacred pilgrimage to the Osaka Pok\u00e9mon Center. My Spirit Pok\u00e9mon is Mew (I kinda [&hellip;]<\/p>\n","protected":false},"author":1,"featured_media":0,"parent":0,"menu_order":0,"comment_status":"open","ping_status":"open","template":"","meta":{"footnotes":""},"class_list":["post-18","page","type-page","status-publish","hentry"],"_links":{"self":[{"href":"https:\/\/decaire.ca\/eve\/blog\/wp-json\/wp\/v2\/pages\/18","targetHints":{"allow":["GET"]}}],"collection":[{"href":"https:\/\/decaire.ca\/eve\/blog\/wp-json\/wp\/v2\/pages"}],"about":[{"href":"https:\/\/decaire.ca\/eve\/blog\/wp-json\/wp\/v2\/types\/page"}],"author":[{"embeddable":true,"href":"https:\/\/decaire.ca\/eve\/blog\/wp-json\/wp\/v2\/users\/1"}],"replies":[{"embeddable":true,"href":"https:\/\/decaire.ca\/eve\/blog\/wp-json\/wp\/v2\/comments?post=18"}],"version-history":[{"count":6,"href":"https:\/\/decaire.ca\/eve\/blog\/wp-json\/wp\/v2\/pages\/18\/revisions"}],"predecessor-version":[{"id":105,"href":"https:\/\/decaire.ca\/eve\/blog\/wp-json\/wp\/v2\/pages\/18\/revisions\/105"}],"wp:attachment":[{"href":"https:\/\/decaire.ca\/eve\/blog\/wp-json\/wp\/v2\/media?parent=18"}],"curies":[{"name":"wp","href":"https:\/\/api.w.org\/{rel}","templated":true}]}}